{"id":127,"date":"2019-11-01T09:36:44","date_gmt":"2019-11-01T09:36:44","guid":{"rendered":"https:\/\/frantsi.com\/?page_id=127"},"modified":"2020-08-14T07:44:46","modified_gmt":"2020-08-14T07:44:46","slug":"johtoryhmavalmennus","status":"publish","type":"page","link":"https:\/\/frantsi.com\/index.php\/palvelut\/johtoryhmavalmennus\/","title":{"rendered":"Johtoryhm\u00e4valmennus"},"content":{"rendered":"\r\n<p><strong>Tavoitteet<\/strong><\/p>\r\n<ul>\r\n<li>Johtoryhm\u00e4n keskin\u00e4isen yhteisty\u00f6n parantaminen<\/li>\r\n<li>Yhteisten johtamislinjausten luonti<\/li>\r\n<li>Itsetuntemuksen syvent\u00e4minen<\/li>\r\n<li>Keskin\u00e4isen tuen vahvistaminen johtoryhm\u00e4ss\u00e4<\/li>\r\n<\/ul>\r\n<p><strong>Keskeinen sis\u00e4lt\u00f6<\/strong><\/p>\r\n<ul>\r\n<li>Tavoitekeskustelu<\/li>\r\n<li>Johtamisarvioinnin brief<\/li>\r\n<li>Oman johtamistavan tarkastelu<\/li>\r\n<li>Johtajan ja johtoryhm\u00e4n hyvinvointi<\/li>\r\n<li>Luova johtaminen ja muutos<\/li>\r\n<li>Johtamisen yhteiset linjaukset<\/li>\r\n<\/ul>\r\n<p><strong>Menetelm\u00e4t<\/strong><\/p>\r\n<p>360-asteen akviointi, johtoryhm\u00e4arviointi, yksil\u00f6lliset 360-asteen purkukeskustelut, johtoryhm\u00e4n arvioinnin k\u00e4sittely, FirstBeat-analyysi.<\/p>\r\n<p>&nbsp;<\/p>\r\n","protected":false},"excerpt":{"rendered":"<p>Tavoitteet Johtoryhm\u00e4n keskin\u00e4isen yhteisty\u00f6n parantaminen Yhteisten johtamislinjausten luonti Itsetuntemuksen syvent\u00e4minen Keskin\u00e4isen tuen vahvistaminen johtoryhm\u00e4ss\u00e4 Keskeinen sis\u00e4lt\u00f6 Tavoitekeskustelu Johtamisarvioinnin brief Oman johtamistavan tarkastelu Johtajan ja johtoryhm\u00e4n hyvinvointi Luova johtaminen ja muutos Johtamisen yhteiset linjaukset Menetelm\u00e4t 360-asteen akviointi, johtoryhm\u00e4arviointi, yksil\u00f6lliset 360-asteen purkukeskustelut, johtoryhm\u00e4n arvioinnin k\u00e4sittely, FirstBeat-analyysi. &nbsp;<\/p>\n","protected":false},"author":1,"featured_media":65,"parent":54,"menu_order":0,"comment_status":"closed","ping_status":"closed","template":"","meta":{"_acf_changed":false,"footnotes":""},"class_list":["post-127","page","type-page","status-publish","has-post-thumbnail","hentry"],"acf":[],"_links":{"self":[{"href":"https:\/\/frantsi.com\/index.php\/wp-json\/wp\/v2\/pages\/127","targetHints":{"allow":["GET"]}}],"collection":[{"href":"https:\/\/frantsi.com\/index.php\/wp-json\/wp\/v2\/pages"}],"about":[{"href":"https:\/\/frantsi.com\/index.php\/wp-json\/wp\/v2\/types\/page"}],"author":[{"embeddable":true,"href":"https:\/\/frantsi.com\/index.php\/wp-json\/wp\/v2\/users\/1"}],"replies":[{"embeddable":true,"href":"https:\/\/frantsi.com\/index.php\/wp-json\/wp\/v2\/comments?post=127"}],"version-history":[{"count":14,"href":"https:\/\/frantsi.com\/index.php\/wp-json\/wp\/v2\/pages\/127\/revisions"}],"predecessor-version":[{"id":407,"href":"https:\/\/frantsi.com\/index.php\/wp-json\/wp\/v2\/pages\/127\/revisions\/407"}],"up":[{"embeddable":true,"href":"https:\/\/frantsi.com\/index.php\/wp-json\/wp\/v2\/pages\/54"}],"wp:featuredmedia":[{"embeddable":true,"href":"https:\/\/frantsi.com\/index.php\/wp-json\/wp\/v2\/media\/65"}],"wp:attachment":[{"href":"https:\/\/frantsi.com\/index.php\/wp-json\/wp\/v2\/media?parent=127"}],"curies":[{"name":"wp","href":"https:\/\/api.w.org\/{rel}","templated":true}]}}