{"id":145,"date":"2019-11-01T09:47:58","date_gmt":"2019-11-01T09:47:58","guid":{"rendered":"https:\/\/frantsi.com\/?page_id=145"},"modified":"2020-08-07T10:36:36","modified_gmt":"2020-08-07T10:36:36","slug":"tyoyhteisokehitys","status":"publish","type":"page","link":"https:\/\/frantsi.com\/index.php\/palvelut\/tyoyhteisokehitys\/","title":{"rendered":"Ty\u00f6yhteis\u00f6kehitys"},"content":{"rendered":"<p>Organisaatiokohtaiset kehitysohjelmat voivat olla laajoja useamman vuoden kest\u00e4vi\u00e4 hankkeita, joista esimerkkin\u00e4 ty\u00f6hyvinvointimentorit (SOL) tai ohjaavuuden edist\u00e4misen ohjelma ammatillisessa koulutuksessa (Ammattiopisto Tavastia).<\/p>\n<p>Toteutamme my\u00f6s rajatumpia valmennuksia, joista esimierkkein\u00e4 tiimitoiminnan kehitt\u00e4minen, tiimin sis\u00e4isten solmujen avaaminen, ty\u00f6yhteis\u00f6sovittelu ja ty\u00f6kykytoiminnan ter\u00e4v\u00f6itt\u00e4minen.<\/p>\n<p>Laajemmat hankkeet olemme toteuttaneet <a href=\"https:\/\/www.tsr.fi\/tutkimus-ja-kehityshankkeet\" target=\"_blank\" rel=\"noopener noreferrer\">Ty\u00f6suojelurahaston kehityshankkeina<\/a>.<\/p>\n","protected":false},"excerpt":{"rendered":"<p>Organisaatiokohtaiset kehitysohjelmat voivat olla laajoja useamman vuoden kest\u00e4vi\u00e4 hankkeita, joista esimerkkin\u00e4 ty\u00f6hyvinvointimentorit (SOL) tai ohjaavuuden edist\u00e4misen ohjelma ammatillisessa koulutuksessa (Ammattiopisto Tavastia). Toteutamme my\u00f6s rajatumpia valmennuksia, joista esimierkkein\u00e4 tiimitoiminnan kehitt\u00e4minen, tiimin sis\u00e4isten solmujen avaaminen, ty\u00f6yhteis\u00f6sovittelu ja ty\u00f6kykytoiminnan ter\u00e4v\u00f6itt\u00e4minen. Laajemmat hankkeet olemme toteuttaneet Ty\u00f6suojelurahaston kehityshankkeina.<\/p>\n","protected":false},"author":1,"featured_media":91,"parent":54,"menu_order":0,"comment_status":"closed","ping_status":"closed","template":"","meta":{"_acf_changed":false,"footnotes":""},"class_list":["post-145","page","type-page","status-publish","has-post-thumbnail","hentry"],"acf":[],"_links":{"self":[{"href":"https:\/\/frantsi.com\/index.php\/wp-json\/wp\/v2\/pages\/145","targetHints":{"allow":["GET"]}}],"collection":[{"href":"https:\/\/frantsi.com\/index.php\/wp-json\/wp\/v2\/pages"}],"about":[{"href":"https:\/\/frantsi.com\/index.php\/wp-json\/wp\/v2\/types\/page"}],"author":[{"embeddable":true,"href":"https:\/\/frantsi.com\/index.php\/wp-json\/wp\/v2\/users\/1"}],"replies":[{"embeddable":true,"href":"https:\/\/frantsi.com\/index.php\/wp-json\/wp\/v2\/comments?post=145"}],"version-history":[{"count":3,"href":"https:\/\/frantsi.com\/index.php\/wp-json\/wp\/v2\/pages\/145\/revisions"}],"predecessor-version":[{"id":410,"href":"https:\/\/frantsi.com\/index.php\/wp-json\/wp\/v2\/pages\/145\/revisions\/410"}],"up":[{"embeddable":true,"href":"https:\/\/frantsi.com\/index.php\/wp-json\/wp\/v2\/pages\/54"}],"wp:featuredmedia":[{"embeddable":true,"href":"https:\/\/frantsi.com\/index.php\/wp-json\/wp\/v2\/media\/91"}],"wp:attachment":[{"href":"https:\/\/frantsi.com\/index.php\/wp-json\/wp\/v2\/media?parent=145"}],"curies":[{"name":"wp","href":"https:\/\/api.w.org\/{rel}","templated":true}]}}