{"id":204,"date":"2019-11-21T14:58:59","date_gmt":"2019-11-21T14:58:59","guid":{"rendered":"https:\/\/frantsi.com\/?page_id=204"},"modified":"2024-03-11T09:12:31","modified_gmt":"2024-03-11T09:12:31","slug":"yhteystiedot","status":"publish","type":"page","link":"https:\/\/frantsi.com\/index.php\/yhteystiedot\/","title":{"rendered":"Yhteystiedot"},"content":{"rendered":"\n\t<h1>Yhteystiedot<\/h1>\n\t<p>Asiakkaamme arvostavat valmennustemme tutkimusperusteista vaikuttavuutta, tulosten seurantaa ja asiakasl\u00e4ht\u00f6ist\u00e4 kehitt\u00e4misotettamme.<\/p>\n\t<h3>P\u00e4ivi Frantsi<\/h3>\n<h4>PsL ty\u00f6-ja organisaatiopsykologi , KTT<\/h4>\n\t<p>Minulla on vankka urheilun psyykkisen valmennuksen kokemus jo kolmen vuosikymmenen ajalta. Toimin ty\u00f6psykologina Suomen Terveystalossa ja ty\u00f6el\u00e4m\u00e4 -asiantuntijana ja ty\u00f6nohjaajana erilaisissa ty\u00f6ymp\u00e4rist\u00f6iss\u00e4.<\/p>\n<p>Olen my\u00f6s toiminut aiemmin rekrytointiasiantuntija. Olen toteuttanut lukuisia johdon ja esimiesten arviointi- ja valmennusohjelmia. Tutkimusty\u00f6ss\u00e4ni olen kehitt\u00e4nyt johdon arviointiv\u00e4lineit\u00e4 ja v\u00e4itellyt olen l\u00e4hiesimiesten johtajuusidentiteeteist\u00e4. Asiakkaamme arvostavat inhimillist\u00e4 ja suoraa ratkaisukeskeist\u00e4 ty\u00f6otettani.<\/p>\n\t040 7466 654<br \/>\npaivi@frantsi.com\n\t<h3>Tapani Frantsi<\/h3>\n<h4>KTT<\/h4>\n\t<p>Toimin laaja-alaisesti johdon ja ty\u00f6yhteis\u00f6jen kehitt\u00e4j\u00e4n\u00e4, tutkijana ja innovaatioiden edist\u00e4j\u00e4. Olen valmentaja haastava, sytytt\u00e4v\u00e4 ja kannustava. Valmennan p\u00e4\u00e4osin l\u00e4hiesimiehi\u00e4, johtoryhmi\u00e4 ja keskijohtoa. Ratkon my\u00f6s ty\u00f6yhteis\u00f6n sis\u00e4isi\u00e4 solmutilanteita.<\/p>\n<p>Olen tutkinut ja kehitt\u00e4nyt esimiesk\u00e4ytt\u00e4ytymist\u00e4, arvioinut yli satoja esimiehi\u00e4 ja kirjoittanut esimiesten itsetiedostamisesta. Yritt\u00e4j\u00e4n\u00e4 olen toiminut vuodesta 1997 l\u00e4htien ja innovaatioasiantuntijana kymmenen vuotta Susinno Oy:ssa. Minua arvostetaan avoimmuudestani, rohkeudesta, inhmillisest\u00e4 ty\u00f6otteestani.<\/p>\n\t0400 717 609<br \/>\ntapani@frantsi.com\n\t<p><iframe loading=\"lazy\" src=\"https:\/\/www.google.com\/maps\/embed?pb=!1m18!1m12!1m3!1d1927.3480584052072!2d25.994394716681576!3d61.11411978231858!2m3!1f0!2f0!3f0!3m2!1i1024!2i768!4f13.1!3m3!1m2!1s0x46902b013dd222b5%3A0x9e46382047f893ea!2sVisiotie%209%2C%2019120%20Heinola%2C%20Finland!5e0!3m2!1sen!2snl!4v1574392494135!5m2!1sen!2snl\" width=\"900\" height=\"500\" frameborder=\"0\" allowfullscreen=\"allowfullscreen\"><\/iframe><\/p>\n","protected":false},"excerpt":{"rendered":"<p>Yhteystiedot Asiakkaamme arvostavat valmennustemme tutkimusperusteista vaikuttavuutta, tulosten seurantaa ja asiakasl\u00e4ht\u00f6ist\u00e4 kehitt\u00e4misotettamme. P\u00e4ivi Frantsi PsL ty\u00f6-ja organisaatiopsykologi , KTT Minulla on vankka urheilun psyykkisen valmennuksen kokemus jo kolmen vuosikymmenen ajalta. Toimin ty\u00f6psykologina Suomen Terveystalossa ja ty\u00f6el\u00e4m\u00e4 -asiantuntijana ja ty\u00f6nohjaajana erilaisissa ty\u00f6ymp\u00e4rist\u00f6iss\u00e4. Olen my\u00f6s toiminut aiemmin rekrytointiasiantuntija. Olen toteuttanut lukuisia johdon ja esimiesten arviointi- ja valmennusohjelmia. Tutkimusty\u00f6ss\u00e4ni&hellip;<\/p>\n","protected":false},"author":1,"featured_media":0,"parent":0,"menu_order":0,"comment_status":"closed","ping_status":"closed","template":"","meta":{"_acf_changed":false,"footnotes":""},"class_list":["post-204","page","type-page","status-publish","hentry"],"acf":[],"_links":{"self":[{"href":"https:\/\/frantsi.com\/index.php\/wp-json\/wp\/v2\/pages\/204","targetHints":{"allow":["GET"]}}],"collection":[{"href":"https:\/\/frantsi.com\/index.php\/wp-json\/wp\/v2\/pages"}],"about":[{"href":"https:\/\/frantsi.com\/index.php\/wp-json\/wp\/v2\/types\/page"}],"author":[{"embeddable":true,"href":"https:\/\/frantsi.com\/index.php\/wp-json\/wp\/v2\/users\/1"}],"replies":[{"embeddable":true,"href":"https:\/\/frantsi.com\/index.php\/wp-json\/wp\/v2\/comments?post=204"}],"version-history":[{"count":5,"href":"https:\/\/frantsi.com\/index.php\/wp-json\/wp\/v2\/pages\/204\/revisions"}],"predecessor-version":[{"id":477,"href":"https:\/\/frantsi.com\/index.php\/wp-json\/wp\/v2\/pages\/204\/revisions\/477"}],"wp:attachment":[{"href":"https:\/\/frantsi.com\/index.php\/wp-json\/wp\/v2\/media?parent=204"}],"curies":[{"name":"wp","href":"https:\/\/api.w.org\/{rel}","templated":true}]}}