{"id":215,"date":"2019-11-22T02:31:07","date_gmt":"2019-11-22T02:31:07","guid":{"rendered":"https:\/\/frantsi.com\/?page_id=215"},"modified":"2022-04-21T11:35:16","modified_gmt":"2022-04-21T11:35:16","slug":"kumppanit","status":"publish","type":"page","link":"https:\/\/frantsi.com\/index.php\/kumppanit\/","title":{"rendered":"Kumppanit"},"content":{"rendered":"\r\n<p>&nbsp;<\/p>\r\n<h2>Yhteisty\u00f6ss\u00e4<\/h2>\r\n<p><a href=\"www.clearmind.fi\" target=\"_self\" rel=\"noopener noreferrer\"> <img loading=\"lazy\" decoding=\"async\" title=\"clearmind\" src=\"https:\/\/frantsi.com\/wp-content\/uploads\/2019\/11\/clearmind.png\" alt=\"clearmind\" width=\"300\" height=\"150\" \/> <\/a><\/p>\r\n<h4>Psykologian ja hyvinvoinnin asiantuntijapalvelut<\/h4>\r\n<p><img loading=\"lazy\" decoding=\"async\" class=\"alignnone size-full wp-image-449\" src=\"https:\/\/frantsi.com\/wp-content\/uploads\/2022\/04\/Unknown.png\" alt=\"Freia\" width=\"343\" height=\"147\" srcset=\"https:\/\/frantsi.com\/wp-content\/uploads\/2022\/04\/Unknown.png 343w, https:\/\/frantsi.com\/wp-content\/uploads\/2022\/04\/Unknown-300x129.png 300w\" sizes=\"auto, (max-width: 343px) 100vw, 343px\" \/><\/p>\r\n<p>&nbsp;<\/p>\r\n<h4>Pysyv\u00e4sti parempaa ty\u00f6el\u00e4m\u00e4\u00e4 https:\/\/freialife.com<\/h4>\r\n<p><a href=\"http:\/\/www.4event.fi\/\" target=\"_self\" rel=\"noopener noreferrer\"> <img loading=\"lazy\" decoding=\"async\" title=\"4event\" src=\"https:\/\/frantsi.com\/wp-content\/uploads\/2019\/11\/4event.png\" alt=\"4event\" width=\"300\" height=\"150\" \/> <\/a><\/p>\r\n<h4>Vire\u00e4mm\u00e4n el\u00e4m\u00e4n puolesta https:\/\/www.4event.fi<\/h4>\r\n<p>&nbsp;<\/p>\r\n<p><a href=\"http:\/\/www.senda.fi\" target=\"_self\" rel=\"noopener noreferrer\"> <img loading=\"lazy\" decoding=\"async\" title=\"senda\" src=\"https:\/\/frantsi.com\/wp-content\/uploads\/2019\/11\/senda.png\" alt=\"senda\" width=\"300\" height=\"150\" \/> <\/a><\/p>\r\n<h4>Toimintakulttuurin kehitt\u00e4misen kumppani<\/h4>\r\n<p><img loading=\"lazy\" decoding=\"async\" class=\"alignnone size-medium wp-image-453\" src=\"https:\/\/frantsi.com\/wp-content\/uploads\/2022\/04\/eduko-nelio-1-300x300.jpg\" alt=\"\" width=\"300\" height=\"300\" srcset=\"https:\/\/frantsi.com\/wp-content\/uploads\/2022\/04\/eduko-nelio-1-300x300.jpg 300w, https:\/\/frantsi.com\/wp-content\/uploads\/2022\/04\/eduko-nelio-1-150x150.jpg 150w, https:\/\/frantsi.com\/wp-content\/uploads\/2022\/04\/eduko-nelio-1-768x768.jpg 768w, https:\/\/frantsi.com\/wp-content\/uploads\/2022\/04\/eduko-nelio-1.jpg 800w\" sizes=\"auto, (max-width: 300px) 100vw, 300px\" \/><\/p>\r\n<p>&nbsp;<\/p>\r\n<h4>Henkil\u00f6st\u00f6n kehitysohjelmat<\/h4>\r\n","protected":false},"excerpt":{"rendered":"<p>&nbsp; Yhteisty\u00f6ss\u00e4 Psykologian ja hyvinvoinnin asiantuntijapalvelut &nbsp; Pysyv\u00e4sti parempaa ty\u00f6el\u00e4m\u00e4\u00e4 https:\/\/freialife.com Vire\u00e4mm\u00e4n el\u00e4m\u00e4n puolesta https:\/\/www.4event.fi &nbsp; Toimintakulttuurin kehitt\u00e4misen kumppani &nbsp; Henkil\u00f6st\u00f6n kehitysohjelmat<\/p>\n","protected":false},"author":1,"featured_media":0,"parent":0,"menu_order":0,"comment_status":"closed","ping_status":"closed","template":"","meta":{"_acf_changed":false,"footnotes":""},"class_list":["post-215","page","type-page","status-publish","hentry"],"acf":[],"_links":{"self":[{"href":"https:\/\/frantsi.com\/index.php\/wp-json\/wp\/v2\/pages\/215","targetHints":{"allow":["GET"]}}],"collection":[{"href":"https:\/\/frantsi.com\/index.php\/wp-json\/wp\/v2\/pages"}],"about":[{"href":"https:\/\/frantsi.com\/index.php\/wp-json\/wp\/v2\/types\/page"}],"author":[{"embeddable":true,"href":"https:\/\/frantsi.com\/index.php\/wp-json\/wp\/v2\/users\/1"}],"replies":[{"embeddable":true,"href":"https:\/\/frantsi.com\/index.php\/wp-json\/wp\/v2\/comments?post=215"}],"version-history":[{"count":7,"href":"https:\/\/frantsi.com\/index.php\/wp-json\/wp\/v2\/pages\/215\/revisions"}],"predecessor-version":[{"id":451,"href":"https:\/\/frantsi.com\/index.php\/wp-json\/wp\/v2\/pages\/215\/revisions\/451"}],"wp:attachment":[{"href":"https:\/\/frantsi.com\/index.php\/wp-json\/wp\/v2\/media?parent=215"}],"curies":[{"name":"wp","href":"https:\/\/api.w.org\/{rel}","templated":true}]}}