{"id":9,"date":"2019-10-18T14:08:36","date_gmt":"2019-10-18T14:08:36","guid":{"rendered":"https:\/\/frantsi.com\/?page_id=9"},"modified":"2020-08-12T08:18:31","modified_gmt":"2020-08-12T08:18:31","slug":"etusivu","status":"publish","type":"page","link":"https:\/\/frantsi.com\/","title":{"rendered":"Etusivu"},"content":{"rendered":"\n\t<h1>Vaikuttavaa valmennusta<\/h1>\n\t<p>Asiakkaamme arvostavat valmennustemme tutkimusperusteista vaikuttavuutta, tulosten seurantaa ja asiakasl\u00e4ht\u00f6ist\u00e4 kehitt\u00e4misotettamme.<\/p>\n\t\t\t<a href=\"https:\/\/frantsi.com\/index.php\/yhteystiedot\/\" target=\"_self\" role=\"button\" rel=\"noopener noreferrer\">\n\t\t\t\t\t\t\tOta yhteys\n\t\t\t\t\t<\/a>\n\t<h2>Palvelumme<\/h2>\n\t<h4>Vaikuttava esimiesvalmennus<\/h4>\n\t<p>Pintaa syvemm\u00e4lle menev\u00e4 ja mitattavia tuloksia saavuttava esimiesvalmennus.<\/p>\n\t\t\t<a href=\"https:\/\/frantsi.com\/index.php\/palvelut\/vaikuttava-esimiesvalmennus\/\" target=\"_self\" role=\"button\" rel=\"noopener noreferrer\">\n\t\t\t\t\t\t\tTutustu palveluun\n\t\t\t\t\t<\/a>\n\t<h4>Johtoryhm\u00e4kehitys ja coaching<\/h4>\n\t<p>Johtoryhm\u00e4n keskin\u00e4inen yhteisty\u00f6 kuntoon!<\/p>\n\t\t\t<a href=\"https:\/\/frantsi.com\/index.php\/palvelut\/johtoryhmavalmennus\/\" target=\"_self\" role=\"button\" rel=\"noopener noreferrer\">\n\t\t\t\t\t\t\tTutustu palveluun\n\t\t\t\t\t<\/a>\n\t<h4>Coaching ja ty\u00f6nohjaus<\/h4>\n\t<p>Coaching ja ty\u00f6nohjaus kehityksen moottoreina.<\/p>\n\t\t\t<a href=\"https:\/\/frantsi.com\/index.php\/palvelut\/coaching-ja-tyonohjaus\/\" target=\"_self\" role=\"button\" rel=\"noopener noreferrer\">\n\t\t\t\t\t\t\tTutustu palveluun\n\t\t\t\t\t<\/a>\n\t<h4>Arvioinnit<\/h4>\n\t<p>Rekrytointoihin liittyv\u00e4t soveltuvuusarvioinnit toimeksiantajan m\u00e4\u00e4ritt\u00e4m\u00e4ll\u00e4 teht\u00e4v\u00e4profiililla.<\/p>\n\t\t\t<a href=\"https:\/\/frantsi.com\/index.php\/palvelut\/arvioinnit\/\" target=\"_self\" role=\"button\" rel=\"noopener noreferrer\">\n\t\t\t\t\t\t\tTutustu palveluun\n\t\t\t\t\t<\/a>\n\t<h4>Dynamiittia johtoryhm\u00e4\u00e4n<\/h4>\n\t<p>Parantamisen varaa on jokaisessa johtoryhm\u00e4ss\u00e4.<\/p>\n\t\t\t<a href=\"https:\/\/frantsi.com\/index.php\/palvelut\/dynamiittia-johtoryhmaan\/\" target=\"_self\" role=\"button\" rel=\"noopener noreferrer\">\n\t\t\t\t\t\t\tTutustu palveluun\n\t\t\t\t\t<\/a>\n\t<h4>Ty\u00f6yhteis\u00f6kohtaiset kehitysohjelmat<\/h4>\n\t<p>Pitk\u00e4aikaiset kehitysohjelmat ja rajatummat valmennukset.<\/p>\n\t\t\t<a href=\"https:\/\/frantsi.com\/index.php\/palvelut\/tyoyhteisokehitys\/\" target=\"_self\" role=\"button\" rel=\"noopener noreferrer\">\n\t\t\t\t\t\t\tTutustu palveluun\n\t\t\t\t\t<\/a>\n\t<h3>P\u00e4ivi Frantsi<\/h3>\n<h4>PsL ty\u00f6-ja organisaatiopsykologi , KTT<\/h4>\n\t<p>Minulla on vankka urheilun psyykkisen valmennuksen kokemus jo kolmen vuosikymmenen ajalta. Toimin ty\u00f6psykologina Suomen Terveystalossa ja ty\u00f6el\u00e4m\u00e4asiantuntijana ja ty\u00f6nohjaajana erilaisissa ty\u00f6ymp\u00e4rist\u00f6iss\u00e4.<\/p>\n<p>Olen my\u00f6s toiminut aiemmin rekrytointiasiantuntija. Olen toteuttanut lukuisia johdon ja esimiesten arviointi- ja valmennusohjelmia. Tutkimusty\u00f6ss\u00e4ni olen kehitt\u00e4nyt johdon arviointiv\u00e4lineit\u00e4 ja v\u00e4itellyt olen l\u00e4hiesimiesten johtajuusidentiteeteist\u00e4. Asiakkaamme arvostavat inhimillist\u00e4 ja suoraa ratkaisukeskeist\u00e4 ty\u00f6otettani.<\/p>\n\t040 7466 654<br \/>\npaivi@frantsi.com\n\t<h3>Tapani Frantsi<\/h3>\n<h4>KTT<\/h4>\n\t<p>Toimin laaja-alaisesti johdon ja ty\u00f6yhteis\u00f6jen kehitt\u00e4j\u00e4n\u00e4, tutkijana ja innovaatioiden edist\u00e4j\u00e4. Olen valmentaja haastava, sytytt\u00e4v\u00e4 ja kannustava. Valmennan p\u00e4\u00e4osin l\u00e4hiesimiehi\u00e4, johtoryhmi\u00e4 ja keskijohtoa. Ratkon my\u00f6s ty\u00f6yhteis\u00f6n sis\u00e4isi\u00e4 solmutilanteita. Olen tutkinut ja kehitt\u00e4nyt esimiesk\u00e4ytt\u00e4ytymist\u00e4, arvioinut yli satoja esimiehi\u00e4 ja kirjoittanut esimiesten itsetiedostamisesta.<\/p>\n<p>Yritt\u00e4j\u00e4n\u00e4 olen toiminut vuodesta 1997 l\u00e4htien ja innovaatioasiantuntijana kymmenen vuotta  Susinno Oy:ssa. Minua arvostetaan avoimuudestani, rohkeudesta, inhimillisest\u00e4 ty\u00f6otteestani. <\/p>\n\t0400 717 609<br \/>\ntapani@frantsi.com\n\t<h2>Kuulumisia somesta<\/h2>\n\t<p>[ff id=&#8221;1&#8243;]<\/p>\n","protected":false},"excerpt":{"rendered":"<p>Vaikuttavaa valmennusta Asiakkaamme arvostavat valmennustemme tutkimusperusteista vaikuttavuutta, tulosten seurantaa ja asiakasl\u00e4ht\u00f6ist\u00e4 kehitt\u00e4misotettamme. Ota yhteys Palvelumme Vaikuttava esimiesvalmennus Pintaa syvemm\u00e4lle menev\u00e4 ja mitattavia tuloksia saavuttava esimiesvalmennus. Tutustu palveluun Johtoryhm\u00e4kehitys ja coaching Johtoryhm\u00e4n keskin\u00e4inen yhteisty\u00f6 kuntoon! Tutustu palveluun Coaching ja ty\u00f6nohjaus Coaching ja ty\u00f6nohjaus kehityksen moottoreina. Tutustu palveluun Arvioinnit Rekrytointoihin liittyv\u00e4t soveltuvuusarvioinnit toimeksiantajan m\u00e4\u00e4ritt\u00e4m\u00e4ll\u00e4 teht\u00e4v\u00e4profiililla. Tutustu palveluun&hellip;<\/p>\n","protected":false},"author":1,"featured_media":0,"parent":0,"menu_order":0,"comment_status":"closed","ping_status":"closed","template":"","meta":{"_acf_changed":false,"footnotes":""},"class_list":["post-9","page","type-page","status-publish","hentry"],"acf":[],"_links":{"self":[{"href":"https:\/\/frantsi.com\/index.php\/wp-json\/wp\/v2\/pages\/9","targetHints":{"allow":["GET"]}}],"collection":[{"href":"https:\/\/frantsi.com\/index.php\/wp-json\/wp\/v2\/pages"}],"about":[{"href":"https:\/\/frantsi.com\/index.php\/wp-json\/wp\/v2\/types\/page"}],"author":[{"embeddable":true,"href":"https:\/\/frantsi.com\/index.php\/wp-json\/wp\/v2\/users\/1"}],"replies":[{"embeddable":true,"href":"https:\/\/frantsi.com\/index.php\/wp-json\/wp\/v2\/comments?post=9"}],"version-history":[{"count":35,"href":"https:\/\/frantsi.com\/index.php\/wp-json\/wp\/v2\/pages\/9\/revisions"}],"predecessor-version":[{"id":426,"href":"https:\/\/frantsi.com\/index.php\/wp-json\/wp\/v2\/pages\/9\/revisions\/426"}],"wp:attachment":[{"href":"https:\/\/frantsi.com\/index.php\/wp-json\/wp\/v2\/media?parent=9"}],"curies":[{"name":"wp","href":"https:\/\/api.w.org\/{rel}","templated":true}]}}